{"id":10,"date":"2016-12-09T15:50:10","date_gmt":"2016-12-09T15:50:10","guid":{"rendered":"http:\/\/www.grupocolmar.es.mialias.net\/?page_id=10"},"modified":"2016-12-09T15:50:10","modified_gmt":"2016-12-09T15:50:10","slug":"calidad","status":"publish","type":"page","link":"https:\/\/grupocolmar.es\/index.php\/calidad","title":{"rendered":"Calidad"},"content":{"rendered":"<p>Des del a\u00f1o 2014 estamos acreditados con la Certificaci\u00f3n de Gesti\u00f3n de la Calidad ISO 9001:2008. Gracias a ello, mejoramos nuestros procesos de trabajo de forma continuada; para ello, se marcar\u00e1n objetivos en los que nos iremos imponiendo aspiraciones de calidad cada vez mayores. Protegemos el medio ambiente, como un factor determinante en el desarrollo de nuestra actividad. A trav\u00e9s del compromiso de mejora continua y prevenci\u00f3n de la contaminaci\u00f3n.<\/p>\n<p>Minimizar la cantidad, peligrosidad y el impacto ambiental de los flujos residuales generados. Y evitar el uso innecesario de recursos son dos de nuestros principales objetivos.<\/p>\n<p>Contamos con un Personal con muchos a\u00f1os de experiencia, con habilidades para conseguir los principios de nuestra pol\u00edtica de calidad y responsable de transmitirla a todos sus colaboradores, tanto internos como externos.<\/p>\n<p>Colmar Connect, proporciona un entorno seguro a nuestros empleados y visitas e incorpora la prevenci\u00f3n de riesgos laborales en la toma de sus decisiones. Todos los miembros de la organizaci\u00f3n deben considerar la Seguridad y Salud en el Trabajo como una responsabilidad prioritaria.<\/p>\n","protected":false},"excerpt":{"rendered":"<p>Des del a\u00f1o 2014 estamos acreditados con la Certificaci\u00f3n de Gesti\u00f3n de la Calidad ISO 9001:2008. Gracias a ello, mejoramos nuestros procesos de trabajo de forma continuada; para ello, se marcar\u00e1n objetivos en los que nos iremos imponiendo aspiraciones de calidad cada vez mayores. Protegemos el medio ambiente, como un factor determinante en el desarrollo [&hellip;]<\/p>\n","protected":false},"author":1,"featured_media":0,"parent":0,"menu_order":0,"comment_status":"closed","ping_status":"closed","template":"","meta":{"_monsterinsights_skip_tracking":false,"_monsterinsights_sitenote_active":false,"_monsterinsights_sitenote_note":"","_monsterinsights_sitenote_category":0,"footnotes":""},"class_list":["post-10","page","type-page","status-publish","hentry"],"aioseo_notices":[],"_links":{"self":[{"href":"https:\/\/grupocolmar.es\/index.php\/wp-json\/wp\/v2\/pages\/10","targetHints":{"allow":["GET"]}}],"collection":[{"href":"https:\/\/grupocolmar.es\/index.php\/wp-json\/wp\/v2\/pages"}],"about":[{"href":"https:\/\/grupocolmar.es\/index.php\/wp-json\/wp\/v2\/types\/page"}],"author":[{"embeddable":true,"href":"https:\/\/grupocolmar.es\/index.php\/wp-json\/wp\/v2\/users\/1"}],"replies":[{"embeddable":true,"href":"https:\/\/grupocolmar.es\/index.php\/wp-json\/wp\/v2\/comments?post=10"}],"version-history":[{"count":1,"href":"https:\/\/grupocolmar.es\/index.php\/wp-json\/wp\/v2\/pages\/10\/revisions"}],"predecessor-version":[{"id":11,"href":"https:\/\/grupocolmar.es\/index.php\/wp-json\/wp\/v2\/pages\/10\/revisions\/11"}],"wp:attachment":[{"href":"https:\/\/grupocolmar.es\/index.php\/wp-json\/wp\/v2\/media?parent=10"}],"curies":[{"name":"wp","href":"https:\/\/api.w.org\/{rel}","templated":true}]}}