{"id":4,"date":"2016-12-07T10:12:30","date_gmt":"2016-12-07T10:12:30","guid":{"rendered":"http:\/\/www.grupocolmar.es.mialias.net\/?page_id=4"},"modified":"2016-12-12T11:48:03","modified_gmt":"2016-12-12T11:48:03","slug":"grupo-colmar","status":"publish","type":"page","link":"https:\/\/grupocolmar.es\/index.php\/grupo-colmar","title":{"rendered":"Grupo Colmar"},"content":{"rendered":"<div tabindex=\"0\" class=\"cycloneslider cycloneslider-template-standard cycloneslider-width-responsive\" id=\"cycloneslider-18-1\" style=\"max-width:960px\" > <div class=\"cycloneslider-slides cycle-slideshow\" data-cycle-allow-wrap=\"true\" data-cycle-dynamic-height=\"off\" data-cycle-auto-height=\"960:400\" data-cycle-auto-height-easing=\"null\" data-cycle-auto-height-speed=\"250\" data-cycle-delay=\"0\" data-cycle-easing=\"\" data-cycle-fx=\"fade\" data-cycle-hide-non-active=\"true\" data-cycle-log=\"false\" data-cycle-next=\"#cycloneslider-18-1 .cycloneslider-next\" data-cycle-pager=\"#cycloneslider-18-1 .cycloneslider-pager\" data-cycle-pause-on-hover=\"true\" data-cycle-prev=\"#cycloneslider-18-1 .cycloneslider-prev\" data-cycle-slides=\"&gt; div\" data-cycle-speed=\"1000\" data-cycle-swipe=\"false\" data-cycle-tile-count=\"7\" data-cycle-tile-delay=\"100\" data-cycle-tile-vertical=\"true\" data-cycle-timeout=\"4000\" > <div class=\"cycloneslider-slide cycloneslider-slide-image\" > <img decoding=\"async\" src=\"https:\/\/grupocolmar.es\/wp-content\/uploads\/2016\/12\/dreamstime_xl_76184439-960x400.jpg\" alt=\"\" title=\"\" \/> <div class=\"cycloneslider-caption\"> <div class=\"cycloneslider-caption-title\">Nosotros fabricamos, usted comercializa<\/div> <div class=\"cycloneslider-caption-description\">Somos l\u00edderes en la producci\u00f3n de productos qu\u00edmicos en marca blanca<\/div> <\/div> <\/div> <\/div> <div class=\"cycloneslider-pager\"><\/div> <a href=\"#\" class=\"cycloneslider-prev\"> <span class=\"arrow\"><\/span> <\/a> <a href=\"#\" class=\"cycloneslider-next\"> <span class=\"arrow\"><\/span> <\/a> <\/div>\n<h1>Grupo Colmar<\/h1>\n<p>Colmar Connect S.L. es una empresa dedicada a la fabricaci\u00f3n y envasado de productos qu\u00edmicos. Fabricamos y envasamos 3 grandes familias de productos: productos Agroalimentarios, productos de Detergencia y des del a\u00f1o 2015 que se obtuvieron las Buenas Pr\u00e1cticas de Fabricaci\u00f3n para productos cosm\u00e9ticos (GMP) que tambi\u00e9n producimos y envasamos productos cosm\u00e9ticos.<\/p>\n<p>Nuestro principal objetivo es cumplir las expectativas de nuestros clientes, alcanzar nuestra propia satisfacci\u00f3n personal y conseguir consolidar y mejorar nuestra competitividad. Para conseguir esto:<\/p>\n<p>Suministramos a nuestros clientes productos y servicios que cumplan o superen sus necesidades y expectativas y trabajamos con proveedores fiables, tanto en plazo de entrega como en calidad de productos, para poder asegurar el correcto servicio a nuestros clientes.<\/p>\n<p>Des del a\u00f1o 2014 estamos acreditados con la Certificaci\u00f3n de Gesti\u00f3n de la Calidad ISO 9001:2008. Gracias a ello, mejoramos nuestros procesos de trabajo de forma continuada; para ello, se marcar\u00e1n objetivos en los que nos iremos imponiendo aspiraciones de calidad cada vez mayores. Protegemos el medio ambiente, como un factor determinante en el desarrollo de nuestra actividad. A trav\u00e9s del compromiso de mejora continua y prevenci\u00f3n de la contaminaci\u00f3n.<\/p>\n<p>Minimizar la cantidad, peligrosidad y el impacto ambiental de los flujos residuales generados. Y evitar el uso innecesario de recursos son dos de nuestros principales objetivos.<\/p>\n<p>Contamos con un Personal con muchos a\u00f1os de experiencia, con habilidades para conseguir los principios de nuestra pol\u00edtica de calidad y responsable de transmitirla a todos sus colaboradores, tanto internos como externos.<\/p>\n<p>Colmar Connect, proporciona un entorno seguro a nuestros empleados y visitas e incorpora la prevenci\u00f3n de riesgos laborales en la toma de sus decisiones. Todos los miembros de la organizaci\u00f3n deben considerar la Seguridad y Salud en el Trabajo como una responsabilidad prioritaria.<\/p>\n","protected":false},"excerpt":{"rendered":"<p>Grupo Colmar Colmar Connect S.L. es una empresa dedicada a la fabricaci\u00f3n y envasado de productos qu\u00edmicos. Fabricamos y envasamos 3 grandes familias de productos: productos Agroalimentarios, productos de Detergencia y des del a\u00f1o 2015 que se obtuvieron las Buenas Pr\u00e1cticas de Fabricaci\u00f3n para productos cosm\u00e9ticos (GMP) que tambi\u00e9n producimos y envasamos productos cosm\u00e9ticos. Nuestro [&hellip;]<\/p>\n","protected":false},"author":1,"featured_media":0,"parent":0,"menu_order":0,"comment_status":"closed","ping_status":"closed","template":"","meta":{"_monsterinsights_skip_tracking":false,"_monsterinsights_sitenote_active":false,"_monsterinsights_sitenote_note":"","_monsterinsights_sitenote_category":0,"footnotes":""},"class_list":["post-4","page","type-page","status-publish","hentry"],"aioseo_notices":[],"_links":{"self":[{"href":"https:\/\/grupocolmar.es\/index.php\/wp-json\/wp\/v2\/pages\/4","targetHints":{"allow":["GET"]}}],"collection":[{"href":"https:\/\/grupocolmar.es\/index.php\/wp-json\/wp\/v2\/pages"}],"about":[{"href":"https:\/\/grupocolmar.es\/index.php\/wp-json\/wp\/v2\/types\/page"}],"author":[{"embeddable":true,"href":"https:\/\/grupocolmar.es\/index.php\/wp-json\/wp\/v2\/users\/1"}],"replies":[{"embeddable":true,"href":"https:\/\/grupocolmar.es\/index.php\/wp-json\/wp\/v2\/comments?post=4"}],"version-history":[{"count":5,"href":"https:\/\/grupocolmar.es\/index.php\/wp-json\/wp\/v2\/pages\/4\/revisions"}],"predecessor-version":[{"id":25,"href":"https:\/\/grupocolmar.es\/index.php\/wp-json\/wp\/v2\/pages\/4\/revisions\/25"}],"wp:attachment":[{"href":"https:\/\/grupocolmar.es\/index.php\/wp-json\/wp\/v2\/media?parent=4"}],"curies":[{"name":"wp","href":"https:\/\/api.w.org\/{rel}","templated":true}]}}