{"id":83,"date":"2017-03-27T07:57:03","date_gmt":"2017-03-27T07:57:03","guid":{"rendered":"http:\/\/www.grupocolmar.es\/?page_id=83"},"modified":"2017-03-27T07:57:03","modified_gmt":"2017-03-27T07:57:03","slug":"aviso-legal","status":"publish","type":"page","link":"https:\/\/grupocolmar.es\/index.php\/aviso-legal","title":{"rendered":"Aviso legal"},"content":{"rendered":"<p><a name=\"cookies\"><\/a><\/p>\n<h2>Cookies<\/h2>\n<p>Este sitio web utiliza cookies, que es una peque\u00f1a informaci\u00f3n almacenada en el equipo para ayudar a la web a proporcionar una mejor experiencia de usuario. En general, las cookies se utilizan para mantener las preferencias del usuario y proporcionar datos de seguimiento an\u00f3nimas a aplicaciones de terceros como Google Analytics. Por norma general, las cookies har\u00e1n que su experiencia de navegaci\u00f3n sea mejor. No obstante, es posible que prefieras desactivar las cookies en este sitio y en los otros. La forma m\u00e1s eficaz es desactivar las cookies en el navegador.<\/p>\n","protected":false},"excerpt":{"rendered":"<p>Cookies Este sitio web utiliza cookies, que es una peque\u00f1a informaci\u00f3n almacenada en el equipo para ayudar a la web a proporcionar una mejor experiencia de usuario. En general, las cookies se utilizan para mantener las preferencias del usuario y proporcionar datos de seguimiento an\u00f3nimas a aplicaciones de terceros como Google Analytics. Por norma general, [&hellip;]<\/p>\n","protected":false},"author":1,"featured_media":0,"parent":0,"menu_order":0,"comment_status":"closed","ping_status":"closed","template":"","meta":{"_monsterinsights_skip_tracking":false,"_monsterinsights_sitenote_active":false,"_monsterinsights_sitenote_note":"","_monsterinsights_sitenote_category":0,"footnotes":""},"class_list":["post-83","page","type-page","status-publish","hentry"],"aioseo_notices":[],"_links":{"self":[{"href":"https:\/\/grupocolmar.es\/index.php\/wp-json\/wp\/v2\/pages\/83","targetHints":{"allow":["GET"]}}],"collection":[{"href":"https:\/\/grupocolmar.es\/index.php\/wp-json\/wp\/v2\/pages"}],"about":[{"href":"https:\/\/grupocolmar.es\/index.php\/wp-json\/wp\/v2\/types\/page"}],"author":[{"embeddable":true,"href":"https:\/\/grupocolmar.es\/index.php\/wp-json\/wp\/v2\/users\/1"}],"replies":[{"embeddable":true,"href":"https:\/\/grupocolmar.es\/index.php\/wp-json\/wp\/v2\/comments?post=83"}],"version-history":[{"count":1,"href":"https:\/\/grupocolmar.es\/index.php\/wp-json\/wp\/v2\/pages\/83\/revisions"}],"predecessor-version":[{"id":84,"href":"https:\/\/grupocolmar.es\/index.php\/wp-json\/wp\/v2\/pages\/83\/revisions\/84"}],"wp:attachment":[{"href":"https:\/\/grupocolmar.es\/index.php\/wp-json\/wp\/v2\/media?parent=83"}],"curies":[{"name":"wp","href":"https:\/\/api.w.org\/{rel}","templated":true}]}}