{"id":92,"date":"2020-11-03T16:59:02","date_gmt":"2020-11-03T16:59:02","guid":{"rendered":"http:\/\/grupocolmar.es\/?page_id=92"},"modified":"2020-11-03T17:11:05","modified_gmt":"2020-11-03T17:11:05","slug":"bilore","status":"publish","type":"page","link":"https:\/\/grupocolmar.es\/index.php\/bilore","title":{"rendered":"Bilore"},"content":{"rendered":"<p><a href=\"http:\/\/bilore.es\" target=\"_blank\" rel=\"noopener\"><img loading=\"lazy\" decoding=\"async\" class=\"alignnone wp-image-93\" src=\"http:\/\/grupocolmar.es\/wp-content\/uploads\/2020\/11\/BILORE-nuevo-fons-1920x960px.png\" alt=\"nuevo bilore productos limpieza\" width=\"960\" height=\"480\" data-id=\"93\" srcset=\"https:\/\/grupocolmar.es\/wp-content\/uploads\/2020\/11\/BILORE-nuevo-fons-1920x960px.png 1920w, https:\/\/grupocolmar.es\/wp-content\/uploads\/2020\/11\/BILORE-nuevo-fons-1920x960px-300x150.png 300w, https:\/\/grupocolmar.es\/wp-content\/uploads\/2020\/11\/BILORE-nuevo-fons-1920x960px-768x384.png 768w, https:\/\/grupocolmar.es\/wp-content\/uploads\/2020\/11\/BILORE-nuevo-fons-1920x960px-1024x512.png 1024w\" sizes=\"auto, (max-width: 960px) 100vw, 960px\" \/><\/a><\/p>\n<p>Grupo Colmar se encarga del renacer de una marca m\u00edtica de jabones.<\/p>\n<p>Descubre la amplia gama de productos dise\u00f1ados espec\u00edficamente para la limpieza con la garant\u00eda de una marca de jabones pionera y en evoluci\u00f3n constante.<\/p>\n<p>La tradici\u00f3n como legado, los m\u00e9todos innovadores mediante los cuales elaboramos nuestros jabones junto a la importante inversi\u00f3n en maquinaria de \u00faltima generaci\u00f3n han hecho posible que Nuevo Bilore siga siendo una marca de jab\u00f3n de uso industrial, dom\u00e9stico y para las personas altamente eficaz y de solvencia contrastada.<\/p>\n<hr \/>\n<p><a href=\"http:\/\/bilore.es\" target=\"_blank\" rel=\"noopener\">Descubre Bilore<\/a><\/p>\n","protected":false},"excerpt":{"rendered":"<p>Grupo Colmar se encarga del renacer de una marca m\u00edtica de jabones. Descubre la amplia gama de productos dise\u00f1ados espec\u00edficamente para la limpieza con la garant\u00eda de una marca de jabones pionera y en evoluci\u00f3n constante. La tradici\u00f3n como legado, los m\u00e9todos innovadores mediante los cuales elaboramos nuestros jabones junto a la importante inversi\u00f3n en [&hellip;]<\/p>\n","protected":false},"author":4,"featured_media":0,"parent":0,"menu_order":0,"comment_status":"closed","ping_status":"closed","template":"","meta":{"_monsterinsights_skip_tracking":false,"_monsterinsights_sitenote_active":false,"_monsterinsights_sitenote_note":"","_monsterinsights_sitenote_category":0,"footnotes":""},"class_list":["post-92","page","type-page","status-publish","hentry"],"aioseo_notices":[],"_links":{"self":[{"href":"https:\/\/grupocolmar.es\/index.php\/wp-json\/wp\/v2\/pages\/92","targetHints":{"allow":["GET"]}}],"collection":[{"href":"https:\/\/grupocolmar.es\/index.php\/wp-json\/wp\/v2\/pages"}],"about":[{"href":"https:\/\/grupocolmar.es\/index.php\/wp-json\/wp\/v2\/types\/page"}],"author":[{"embeddable":true,"href":"https:\/\/grupocolmar.es\/index.php\/wp-json\/wp\/v2\/users\/4"}],"replies":[{"embeddable":true,"href":"https:\/\/grupocolmar.es\/index.php\/wp-json\/wp\/v2\/comments?post=92"}],"version-history":[{"count":6,"href":"https:\/\/grupocolmar.es\/index.php\/wp-json\/wp\/v2\/pages\/92\/revisions"}],"predecessor-version":[{"id":100,"href":"https:\/\/grupocolmar.es\/index.php\/wp-json\/wp\/v2\/pages\/92\/revisions\/100"}],"wp:attachment":[{"href":"https:\/\/grupocolmar.es\/index.php\/wp-json\/wp\/v2\/media?parent=92"}],"curies":[{"name":"wp","href":"https:\/\/api.w.org\/{rel}","templated":true}]}}